{"id":1055,"date":"2019-12-15T14:53:44","date_gmt":"2019-12-15T13:53:44","guid":{"rendered":"https:\/\/gmbh.adellos.de\/?post_type=product&#038;p=1055"},"modified":"2025-06-15T14:43:54","modified_gmt":"2025-06-15T12:43:54","slug":"woods-of-tarnaris-6-spieler-add-on","status":"publish","type":"product","link":"https:\/\/adellos.de\/en\/produkt\/woods-of-tarnaris-6-spieler-add-on\/","title":{"rendered":"Woods of Tarnaris 6 Spieler Erweiterung"},"content":{"rendered":"<p>Woods of Tarnaris \u2013 Path to Luslaria ist ein Kinder-Kartenspiel, das Mechanismen aus \u201cMemory\u201d und \u201cLigretto\u201d oder \u201cSkippo\u201d kombiniert.<\/p>\n<p>Mit dieser Erweiterung ist es m\u00f6glich das beliebte Spiel nun auch mit 6 Spielern zu spielen.<\/p>\n<p>Jeder Spieler hat 20 Karten mit den Zahlen 1-10 jeweils in 10 Zweierstapeln verdeckt vor sich ausliegen und muss versuchen diese vor den anderen Spielern in der Mitte des Tischs abzulegen. Dabei kann ein er\u00f6ffneter Ablagestapel in der Mitte des Tischs von jedem Spieler bespielt werden und Spieler k\u00f6nnen Karten an die sie sich in ihrer Auslage korrekt erinnern durch einen Zwischenruf auch innerhalb gegnerischer Z\u00fcge ausspielen. Einige Karten haben dabei noch Sonderfunktionen und k\u00f6nnen die anderen Mitspieler aus dem Konzept bringen.<\/p>\n<p>Das Spiel basiert auf Schnelligkeit und Erinnerungsverm\u00f6gen.<\/p>\n<p>Spielanleitung:<\/p>\n<p><a href=\"https:\/\/adellos.de\/wp-content\/uploads\/2025\/06\/WOT_Regeln_Neu_Deutsch.pdf\"><img loading=\"lazy\" decoding=\"async\" class=\"\" src=\"https:\/\/adellos.de\/wp-content\/uploads\/2025\/06\/WOT_Regel_pic.jpg\" alt=\"Regeln Woods of Tarnaris deutsch\" width=\"156\" height=\"221\" \/><\/a><\/p>\n<p><iframe loading=\"lazy\" title=\"6-Spieler Erweiterung | &quot;Woods of Tarnaris - Path to Luslaria&quot; | WoT\" width=\"1060\" height=\"596\" src=\"https:\/\/www.youtube.com\/embed\/zw7b56-eLoE?feature=oembed\" frameborder=\"0\" allow=\"accelerometer; autoplay; clipboard-write; encrypted-media; gyroscope; picture-in-picture; web-share\" referrerpolicy=\"strict-origin-when-cross-origin\" allowfullscreen><\/iframe><\/p>\n","protected":false},"excerpt":{"rendered":"<p>Design: Deutschland<br \/>\nProduktion: Deutschland<\/p>\n<p>Spieleranzahl: 2 &#8211; 6<br \/>\nSpielalter: ab 4 Jahre<br \/>\nSpieldauer: 10 &#8211; 15 Minuten<\/p>\n","protected":false},"featured_media":16943,"template":"","meta":[],"product_brand":[],"product_cat":[105],"product_tag":[142,143,106,107,144,108,145,109,146,110,111,112,147,113,114,115,116,117],"class_list":{"0":"post-1055","1":"product","2":"type-product","3":"status-publish","4":"has-post-thumbnail","6":"product_cat-kartenspiele","7":"product_tag-6-player-expansion","8":"product_tag-6-spieler-erweiterung","9":"product_tag-adellos","10":"product_tag-cardgame","11":"product_tag-joerg-keller","12":"product_tag-kartenspiel","13":"product_tag-ligretto","14":"product_tag-luslaria","15":"product_tag-memory","16":"product_tag-of","17":"product_tag-path","18":"product_tag-tarnaris","19":"product_tag-till-engel","20":"product_tag-to","21":"product_tag-wald","22":"product_tag-waelder","23":"product_tag-wood","24":"product_tag-woods","26":"first","27":"instock","28":"taxable","29":"shipping-taxable","30":"purchasable","31":"product-type-simple"},"_links":{"self":[{"href":"https:\/\/adellos.de\/en\/wp-json\/wp\/v2\/product\/1055","targetHints":{"allow":["GET"]}}],"collection":[{"href":"https:\/\/adellos.de\/en\/wp-json\/wp\/v2\/product"}],"about":[{"href":"https:\/\/adellos.de\/en\/wp-json\/wp\/v2\/types\/product"}],"wp:featuredmedia":[{"embeddable":true,"href":"https:\/\/adellos.de\/en\/wp-json\/wp\/v2\/media\/16943"}],"wp:attachment":[{"href":"https:\/\/adellos.de\/en\/wp-json\/wp\/v2\/media?parent=1055"}],"wp:term":[{"taxonomy":"product_brand","embeddable":true,"href":"https:\/\/adellos.de\/en\/wp-json\/wp\/v2\/product_brand?post=1055"},{"taxonomy":"product_cat","embeddable":true,"href":"https:\/\/adellos.de\/en\/wp-json\/wp\/v2\/product_cat?post=1055"},{"taxonomy":"product_tag","embeddable":true,"href":"https:\/\/adellos.de\/en\/wp-json\/wp\/v2\/product_tag?post=1055"}],"curies":[{"name":"wp","href":"https:\/\/api.w.org\/{rel}","templated":true}]}}