{"id":130,"date":"2017-11-23T20:02:05","date_gmt":"2017-11-23T19:02:05","guid":{"rendered":"https:\/\/gmbh.adellos.de\/?post_type=product&#038;p=130"},"modified":"2025-08-25T22:02:05","modified_gmt":"2025-08-25T20:02:05","slug":"adellos-first-edition","status":"publish","type":"product","link":"https:\/\/adellos.de\/en\/produkt\/adellos-first-edition\/","title":{"rendered":"Adellos &#8211; First Edition"},"content":{"rendered":"<div>\n<p style=\"text-align: justify;\">Adellos ist ein schnelles taktisches Strategiespiel f\u00fcr 2-4 Spieler. Jeder Spieler kontrolliert einen mittelalterlichen Fantasy-Adligen, der verschiedene Einheiten anheuert und versucht, die anderen Spieler zu besiegen. Jeder spielt eine andere Fraktion (K\u00f6nigliche Armee, Klerus, Rebellen und Untote) und die Spieler haben unterschiedliche Einheiten mit einzigartigen F\u00e4higkeiten zur Auswahl und Kontrolle. Sie m\u00fcssen auch ihr Goldeinkommen und den Fluss von Aktionskarten verwalten, die in eigenen und gegnerischen Z\u00fcgen verwendet werden k\u00f6nnen, um Effekte zu erzielen, die das Spiel beeinflussen. Alles findet auf einer symmetrischen Schlachtkarte statt und jeder Adlige hat eine bestimmte F\u00e4higkeit, die das Spiel von Anfang an beeinflusst. Das Spiel kann durch K.O. gewonnen werden, oder \u201eKing of the Hill\u201c.<\/p>\n<p style=\"text-align: justify;\">Spielz\u00fcge werden in zwei Phasen gespielt. In der ersten Phase erhalten die Spieler Ressourcen, die ihre Einheiten zur Verf\u00fcgung stellen. In der zweiten Phase heuern Spieler Einheiten an, bewegen diese, greifen an oder spielen Aktionskarten. Jede Aktion kostet eine bestimmte Anzahl von Aktionspunkten. Die Spieler beginnen mit drei Aktionspunkten und einer festen Menge Gold. Spieler k\u00f6nnen ihre Aktionspunkte w\u00e4hrend des Spiels erh\u00f6hen, um gewaltige Spielz\u00fcge aufzubauen.<\/p>\n<\/div>\n<p><iframe loading=\"lazy\" title=\"Die Spielregeln - animiertes Regelvideo! | Adellos - first Edition\" width=\"1060\" height=\"596\" src=\"https:\/\/www.youtube.com\/embed\/JJqQuUlAesg?feature=oembed\" frameborder=\"0\" allow=\"accelerometer; autoplay; clipboard-write; encrypted-media; gyroscope; picture-in-picture; web-share\" referrerpolicy=\"strict-origin-when-cross-origin\" allowfullscreen><\/iframe><\/p>\n<div>\n","protected":false},"excerpt":{"rendered":"<p>Spieleranzahl: 2 \u2013 4<br \/>\nSpielalter: ab 8 Jahre<br \/>\nSpieldauer: 40 \u2013 50 Minuten<\/p>\n<p>Design: Deutschland<br \/>\nProduktion: Polen<\/p>\n","protected":false},"featured_media":16947,"template":"","meta":[],"product_brand":[],"product_cat":[118],"product_tag":[106,119,120,134,122,136,141,138,129,130],"class_list":{"0":"post-130","1":"product","2":"type-product","3":"status-publish","4":"has-post-thumbnail","6":"product_cat-brettspiele","7":"product_tag-adellos","8":"product_tag-boardgame","9":"product_tag-brettspiel","10":"product_tag-edition","11":"product_tag-engel","12":"product_tag-first","13":"product_tag-gesellschaftsspiel","14":"product_tag-strategie","15":"product_tag-taktik","16":"product_tag-till","18":"first","19":"instock","20":"taxable","21":"shipping-taxable","22":"purchasable","23":"product-type-simple"},"_links":{"self":[{"href":"https:\/\/adellos.de\/en\/wp-json\/wp\/v2\/product\/130","targetHints":{"allow":["GET"]}}],"collection":[{"href":"https:\/\/adellos.de\/en\/wp-json\/wp\/v2\/product"}],"about":[{"href":"https:\/\/adellos.de\/en\/wp-json\/wp\/v2\/types\/product"}],"wp:featuredmedia":[{"embeddable":true,"href":"https:\/\/adellos.de\/en\/wp-json\/wp\/v2\/media\/16947"}],"wp:attachment":[{"href":"https:\/\/adellos.de\/en\/wp-json\/wp\/v2\/media?parent=130"}],"wp:term":[{"taxonomy":"product_brand","embeddable":true,"href":"https:\/\/adellos.de\/en\/wp-json\/wp\/v2\/product_brand?post=130"},{"taxonomy":"product_cat","embeddable":true,"href":"https:\/\/adellos.de\/en\/wp-json\/wp\/v2\/product_cat?post=130"},{"taxonomy":"product_tag","embeddable":true,"href":"https:\/\/adellos.de\/en\/wp-json\/wp\/v2\/product_tag?post=130"}],"curies":[{"name":"wp","href":"https:\/\/api.w.org\/{rel}","templated":true}]}}