{"id":1668,"date":"2020-10-04T17:09:30","date_gmt":"2020-10-04T15:09:30","guid":{"rendered":"https:\/\/gmbh.adellos.de\/?post_type=product&#038;p=1668"},"modified":"2025-06-15T14:17:03","modified_gmt":"2025-06-15T12:17:03","slug":"strife-of-gods","status":"publish","type":"product","link":"https:\/\/adellos.de\/en\/produkt\/strife-of-gods\/","title":{"rendered":"Strife of Gods"},"content":{"rendered":"<p>Strife of Gods ist ein kompetitives Kartenspiel f\u00fcr 2-5 Spieler ab 8 Jahren. Es besteht aus 40 Zahlenkarten, 16 Championkarten, 15 Siegpunktekarten und einer Startspielerkarte. Die Zahlen und Championkarten werden zu Spielbeginn in einem gro\u00dfen Kreis auf dem Tisch ausgelegt. W\u00e4hrend des Spiels nehmen die Spieler reihum Karten aus dem Kreis, wobei maximal 3 L\u00fccken im Kreis entstehen d\u00fcrfen. Sobald alle Spieler 5 Karten genommen haben wird die Gewinnerfarbe ermittelt. Die Farbe derjenigen L\u00fcckenkarte mit der kleinsten Ziffer bestimmt die Gewinnerfarbe. Danach z\u00e4hlen die Spieler die Werte ihrer gezogenen Zahlenkarten in der Gewinnerfarbe zusammen. Der Spieler mit der h\u00f6chsten Punktzahl gewinnt diese Runde und erh\u00e4lt Siegpunkte. Das Spiel endet sobald jeder Spieler einmal der Startspieler war. Neben etwas Gl\u00fcck braucht man eine gute Strategie und Taktik, um das Spiel zu gewinnen, wobei die Sonderf\u00e4higkeiten der Champions das Blatt aber auch schnell mal wenden k\u00f6nnen.<\/p>\n<p>&nbsp;<\/p>\n<div>\n<p>Weitere Infos als PDF:<\/p>\n<\/div>\n<table style=\"border-collapse: collapse; width: 0%; height: 404px;\">\n<tbody>\n<tr style=\"height: 390px;\">\n<td style=\"width: 67.8962%; height: 404px;\">\n<div style=\"width: 379px\" class=\"wp-caption alignnone\"><a href=\"https:\/\/adellos.de\/wp-content\/uploads\/2025\/06\/Rules_german.pdf\"><img loading=\"lazy\" decoding=\"async\" src=\"https:\/\/adellos.de\/wp-content\/uploads\/2025\/06\/Regel_Pic.jpg\" alt=\"\" width=\"369\" height=\"364\" \/><\/a><p class=\"wp-caption-text\">Spielregeln<\/p><\/div><\/td>\n<td style=\"width: 77.7322%; height: 404px;\">\n<div style=\"width: 348px\" class=\"wp-caption alignnone\"><a href=\"https:\/\/adellos.de\/wp-content\/uploads\/2025\/06\/Legends-Rules.pdf\"><img loading=\"lazy\" decoding=\"async\" class=\"\" src=\"https:\/\/adellos.de\/wp-content\/uploads\/2025\/06\/Legende_Pic.jpg\" alt=\"\" width=\"338\" height=\"485\" \/><\/a><p class=\"wp-caption-text\">Legende<\/p><\/div><\/td>\n<\/tr>\n<\/tbody>\n<\/table>\n<p>&nbsp;<\/p>\n<p><iframe loading=\"lazy\" title=\"Epic Trailer (Kickstarter) | Strife of Gods\" width=\"1060\" height=\"596\" src=\"https:\/\/www.youtube.com\/embed\/QNqfrr1WGPc?feature=oembed\" frameborder=\"0\" allow=\"accelerometer; autoplay; clipboard-write; encrypted-media; gyroscope; picture-in-picture; web-share\" referrerpolicy=\"strict-origin-when-cross-origin\" allowfullscreen><\/iframe><\/p>\n","protected":false},"excerpt":{"rendered":"<p>Design: Deutschland<br \/>\nProduktion: Deutschland, Litauen<\/p>\n<p>Spieleranzahl: 2 &#8211; 5<br \/>\nSpielalter: ab 8 Jahre<br \/>\nSpieldauer: 20 Minuten<\/p>\n","protected":false},"featured_media":16958,"template":"","meta":[],"product_brand":[],"product_cat":[105],"product_tag":[106,108,148,149,150],"class_list":{"0":"post-1668","1":"product","2":"type-product","3":"status-publish","4":"has-post-thumbnail","6":"product_cat-kartenspiele","7":"product_tag-adellos","8":"product_tag-kartenspiel","9":"product_tag-strife-of-gods","10":"product_tag-taktikkompetitiv","11":"product_tag-thomas-sellner","13":"first","14":"instock","15":"taxable","16":"shipping-taxable","17":"purchasable","18":"product-type-simple"},"_links":{"self":[{"href":"https:\/\/adellos.de\/en\/wp-json\/wp\/v2\/product\/1668","targetHints":{"allow":["GET"]}}],"collection":[{"href":"https:\/\/adellos.de\/en\/wp-json\/wp\/v2\/product"}],"about":[{"href":"https:\/\/adellos.de\/en\/wp-json\/wp\/v2\/types\/product"}],"wp:featuredmedia":[{"embeddable":true,"href":"https:\/\/adellos.de\/en\/wp-json\/wp\/v2\/media\/16958"}],"wp:attachment":[{"href":"https:\/\/adellos.de\/en\/wp-json\/wp\/v2\/media?parent=1668"}],"wp:term":[{"taxonomy":"product_brand","embeddable":true,"href":"https:\/\/adellos.de\/en\/wp-json\/wp\/v2\/product_brand?post=1668"},{"taxonomy":"product_cat","embeddable":true,"href":"https:\/\/adellos.de\/en\/wp-json\/wp\/v2\/product_cat?post=1668"},{"taxonomy":"product_tag","embeddable":true,"href":"https:\/\/adellos.de\/en\/wp-json\/wp\/v2\/product_tag?post=1668"}],"curies":[{"name":"wp","href":"https:\/\/api.w.org\/{rel}","templated":true}]}}