{"id":2400,"date":"2024-05-10T11:00:20","date_gmt":"2024-05-10T09:00:20","guid":{"rendered":"https:\/\/gmbh.adellos.de\/?post_type=product&#038;p=2400"},"modified":"2025-11-12T16:17:04","modified_gmt":"2025-11-12T15:17:04","slug":"fairy-day","status":"publish","type":"product","link":"https:\/\/adellos.de\/en\/produkt\/fairy-day\/","title":{"rendered":"Fairy Day"},"content":{"rendered":"<p>Fairy Day ist ein zauberhaftes Karten-\/Brettspiel mit fantastischen Fabelwesen im Wettstreit um den sch\u00f6nsten Garten. Jeder Spieler \u00fcbernimmt die Kontrolle \u00fcber eine Fee und darf dann in den darauf folgenden Pflanz- &amp; Erntephasen einen prachtvollen Garten anlegen und abernten. Es gewinnt die Fee, die am Ende des Spiels den sch\u00f6nsten Garten gestaltet hat (bzw. die meisten Punkte sammeln konnte).<\/p>\n<p>Fairy Day ist ein Spiel f\u00fcr 1-6 Spieler und lebt von seinen wundersch\u00f6nen Grafiken und dem schnell gelernten Spielprinzip.<br \/>\nPflanze Apfelb\u00e4ume, s\u00e4he Rasen, lege Teiche an und lass deine Bienen Honig herstellen.<br \/>\nUnd mit etwas Gl\u00fcck l\u00e4sst sich sogar ein Einhorn in deinem Garten nieder!<\/p>\n<p>Viel Spa\u00df beim G\u00e4rtnern!<\/p>\n<p>Hier ein kleines Regel-Video:<\/p>\n<p><iframe loading=\"lazy\" src=\"\/\/www.youtube.com\/embed\/ct5IC5Pj5VM\" width=\"1120\" height=\"628\" allowfullscreen=\"allowfullscreen\"><\/iframe><\/p>\n<p>Autorin des Spiels ist Marisa Haufe, die entz\u00fcckenden Grafiken und das Design stammen von Daniel Klaus und Elif Siebenpfeiffer.<\/p>\n<p>Bei <b><i>Fairy Day<\/i><\/b> handelt es sich um ein <b>rundenbasiertes Aufbauspiel<\/b>, bei dem ihr <b>viel Taktik und eine gute Portion Gl\u00fcck<\/b> ben\u00f6tigt, um den sch\u00f6nsten Garten aufzubauen.<\/p>\n<p>In <b>f\u00fcnf Runden<\/b> wetteifert ihr darum, <b>in den Pflanzphasen Blumen, Apfelb\u00e4ume und Seerosenteiche<\/b> zu bauen, um dann <b>in den folgenden Erntephasen<\/b> die besten <b>Ertr\u00e4ge<\/b> einzusammeln.<\/p>\n<p>Dabei gilt es immer <b>den Wunsch der eigenen Fee im Kopf zu behalten<\/b>, denn diese Fee verschenkt am Ende <b>zus\u00e4tzliche Siegpunkte<\/b>, wenn ihr Wunsch erf\u00fcllt wurde.<\/p>\n<p>&nbsp;<\/p>\n","protected":false},"excerpt":{"rendered":"<div class=\"woocommerce-product-details__short-description\">\n<p>Spieleranzahl: 1 \u2013 6<br \/>\nSpielalter: ab 8 Jahre<br \/>\nSpieldauer: 15 Minuten pro Spieler<\/p>\n<p>Design: Deutschland<br \/>\nProduktion: Polen<\/p>\n<\/div>\n","protected":false},"featured_media":16914,"template":"","meta":[],"product_brand":[],"product_cat":[118,105],"product_tag":[106,119,120,107,121,122,123,124,125,126,127,108,128,129,130],"class_list":{"0":"post-2400","1":"product","2":"type-product","3":"status-publish","4":"has-post-thumbnail","6":"product_cat-brettspiele","7":"product_cat-kartenspiele","8":"product_tag-adellos","9":"product_tag-boardgame","10":"product_tag-brettspiel","11":"product_tag-cardgame","12":"product_tag-day","13":"product_tag-engel","14":"product_tag-fairy","15":"product_tag-fairy-day","16":"product_tag-fee","17":"product_tag-feen","18":"product_tag-haufe","19":"product_tag-kartenspiel","20":"product_tag-marisa","21":"product_tag-taktik","22":"product_tag-till","24":"first","25":"instock","26":"taxable","27":"shipping-taxable","28":"purchasable","29":"product-type-simple"},"_links":{"self":[{"href":"https:\/\/adellos.de\/en\/wp-json\/wp\/v2\/product\/2400","targetHints":{"allow":["GET"]}}],"collection":[{"href":"https:\/\/adellos.de\/en\/wp-json\/wp\/v2\/product"}],"about":[{"href":"https:\/\/adellos.de\/en\/wp-json\/wp\/v2\/types\/product"}],"wp:featuredmedia":[{"embeddable":true,"href":"https:\/\/adellos.de\/en\/wp-json\/wp\/v2\/media\/16914"}],"wp:attachment":[{"href":"https:\/\/adellos.de\/en\/wp-json\/wp\/v2\/media?parent=2400"}],"wp:term":[{"taxonomy":"product_brand","embeddable":true,"href":"https:\/\/adellos.de\/en\/wp-json\/wp\/v2\/product_brand?post=2400"},{"taxonomy":"product_cat","embeddable":true,"href":"https:\/\/adellos.de\/en\/wp-json\/wp\/v2\/product_cat?post=2400"},{"taxonomy":"product_tag","embeddable":true,"href":"https:\/\/adellos.de\/en\/wp-json\/wp\/v2\/product_tag?post=2400"}],"curies":[{"name":"wp","href":"https:\/\/api.w.org\/{rel}","templated":true}]}}