{"id":687,"date":"2019-04-30T18:28:15","date_gmt":"2019-04-30T16:28:15","guid":{"rendered":"https:\/\/gmbh.adellos.de\/?post_type=product&#038;p=687"},"modified":"2025-01-27T19:12:20","modified_gmt":"2025-01-27T18:12:20","slug":"adellos-first-edition-inlay","status":"publish","type":"product","link":"https:\/\/adellos.de\/en\/produkt\/adellos-first-edition-inlay\/","title":{"rendered":"Adellos &#8211; First Edition &#8211; Inlay &#8216;Adel&#8217;"},"content":{"rendered":"<p>Adellos ist ein schnelles taktisches Strategiespiel f\u00fcr 2-4 Spieler. Jeder Spieler kontrolliert einen mittelalterlichen Fantasy-Adligen, der verschiedene Einheiten anheuert und versucht, die anderen Spieler zu besiegen. Jeder spielt eine andere Fraktion (K\u00f6nigliche Armee, Klerus, Rebellen und Untote) und die Spieler haben unterschiedliche Einheiten mit einzigartigen F\u00e4higkeiten zur Auswahl und Kontrolle. Sie m\u00fcssen auch ihr Goldeinkommen und den Fluss von Aktionskarten verwalten, die in eigenen und gegnerischen Z\u00fcgen verwendet werden k\u00f6nnen, um Effekte zu erzielen, die das Spiel beeinflussen. Alles findet auf einer symmetrischen Schlachtkarte statt und jeder Adlige hat eine bestimmte F\u00e4higkeit, die das Spiel von Anfang an beeinflusst. Das Spiel kann durch K.O. gewonnen werden. oder \u201eKing of the Hill\u201c.<\/p>\n<p>Spielz\u00fcge werden in zwei Phasen gespielt. In der ersten Phase erhalten die Spieler Ressourcen, die ihre Einheiten zur Verf\u00fcgung stellen. In der zweiten Phase heuern Spieler Einheiten an, bewegen diese, greifen an oder spielen Aktionskarten. Jede Aktion kostet eine bestimmte Anzahl von Aktionspunkten. Die Spieler beginnen mit drei Aktionspunkten und einer festen Menge Gold. Spieler k\u00f6nnen ihre Aktionspunkte w\u00e4hrend des Spiels erh\u00f6hen, um gewaltige Spielz\u00fcge aufzubauen.<\/p>\n","protected":false},"excerpt":{"rendered":"<p>Design: Deutschland<br \/>\nProduktion: Deutschland<\/p>\n<p>Der h\u00e4ufigste Verbesserungsvorschlag von Spielern beim Spielen von Adellos war, dass es ein Inlay gebrauchen k\u00f6nnte. In Zusammenarbeit mit &#8220;The Game Doctors&#8221; haben wir nun ein Inlay erschaffen, welches perfekt passt.<br \/>\nEs bietet Platz f\u00fcr jede Einheit, die Ereigniskarten und sogar die neuen Erweiterungen, die in diesem Shop erworben werden k\u00f6nnen.<br \/>\nDas Inlay ist aus Holz und sorgt nicht nur f\u00fcr Ordnung im Karton, sondern nimmt den Spielern auch nerviges sortieren ihrer Einheiten ab.<\/p>\n","protected":false},"featured_media":16963,"template":"","meta":[],"product_brand":[],"product_cat":[118],"product_tag":[106,119,120,134,122,136,141,156,157,138,129,130],"class_list":{"0":"post-687","1":"product","2":"type-product","3":"status-publish","4":"has-post-thumbnail","6":"product_cat-brettspiele","7":"product_tag-adellos","8":"product_tag-boardgame","9":"product_tag-brettspiel","10":"product_tag-edition","11":"product_tag-engel","12":"product_tag-first","13":"product_tag-gesellschaftsspiel","14":"product_tag-inlay","15":"product_tag-insert","16":"product_tag-strategie","17":"product_tag-taktik","18":"product_tag-till","20":"first","21":"instock","22":"taxable","23":"shipping-taxable","24":"purchasable","25":"product-type-simple"},"_links":{"self":[{"href":"https:\/\/adellos.de\/en\/wp-json\/wp\/v2\/product\/687","targetHints":{"allow":["GET"]}}],"collection":[{"href":"https:\/\/adellos.de\/en\/wp-json\/wp\/v2\/product"}],"about":[{"href":"https:\/\/adellos.de\/en\/wp-json\/wp\/v2\/types\/product"}],"wp:featuredmedia":[{"embeddable":true,"href":"https:\/\/adellos.de\/en\/wp-json\/wp\/v2\/media\/16963"}],"wp:attachment":[{"href":"https:\/\/adellos.de\/en\/wp-json\/wp\/v2\/media?parent=687"}],"wp:term":[{"taxonomy":"product_brand","embeddable":true,"href":"https:\/\/adellos.de\/en\/wp-json\/wp\/v2\/product_brand?post=687"},{"taxonomy":"product_cat","embeddable":true,"href":"https:\/\/adellos.de\/en\/wp-json\/wp\/v2\/product_cat?post=687"},{"taxonomy":"product_tag","embeddable":true,"href":"https:\/\/adellos.de\/en\/wp-json\/wp\/v2\/product_tag?post=687"}],"curies":[{"name":"wp","href":"https:\/\/api.w.org\/{rel}","templated":true}]}}