{"id":694,"date":"2019-04-30T18:35:31","date_gmt":"2019-04-30T16:35:31","guid":{"rendered":"https:\/\/gmbh.adellos.de\/?post_type=product&#038;p=694"},"modified":"2025-01-27T19:12:20","modified_gmt":"2025-01-27T18:12:20","slug":"adellos-immoral-offer","status":"publish","type":"product","link":"https:\/\/adellos.de\/en\/produkt\/adellos-immoral-offer\/","title":{"rendered":"Adellos &#8211; Immoral Offer"},"content":{"rendered":"<p>Das Adellos Add-On &#8220;Immoral Offer&#8221; ist die erste Erweiterung f\u00fcr das Brettspiel &#8220;Adellos &#8211; First Edition&#8221;. Sie entsprang urspr\u00fcnglich einer kleiner Kickstarter-Kampagne die nur kleinere Updates &amp; Errate hervor bringen sollte, aber w\u00e4hrend der Entwicklung ist immer mehr Inhalt in die Erweiterung gewandert.<br \/>\nDer finale Inhalt:<br \/>\n5 neue wei\u00dfe W\u00fcrfel, um das Herunterz\u00e4hlen von Beschw\u00f6rungen und Bet\u00e4ubungen durch Zeitmarker zu erleichtern.<br \/>\n25 AP-Tracker Pl\u00e4ttchen um die Aktionspunkte der Spieler zu verfolgen.<br \/>\n3 Tracker f\u00fcr die Beschw\u00f6rungen der Untoten.<br \/>\n1 kleiner grauer W\u00fcrfel um die Bonusrunden zu tracken.<br \/>\n4 neue Event-Karten &amp; neue Regeln und ben\u00f6tigte Errata.<\/p>\n<p>Dieses kleine Add-On verbessert das Spielerlebnis enorm. Alle Inhalte passen au\u00dferdem in das Adellos-Inlay (auch im Shop erh\u00e4ltlich).<\/p>\n","protected":false},"excerpt":{"rendered":"<p>Design: Deutschland<br \/>\nProduktion: China<\/p>\n<p>Inhalt:<br \/>\n5 neue wei\u00dfe W\u00fcrfel (Zeitmarker).<br \/>\n25 AP-Tracker Pl\u00e4ttchen.<br \/>\n3 Beschw\u00f6rungs-Tracker.<br \/>\n1 kleinen grauen W\u00fcrfel (Bonusrunden).<br \/>\n4 neue Event-Karten.<br \/>\nNeue Regeln und ben\u00f6tigte Errata.<\/p>\n","protected":false},"featured_media":16962,"template":"","meta":[],"product_brand":[],"product_cat":[118],"product_tag":[132,106,119,120,134,151,135,152,136,153,154,155],"class_list":{"0":"post-694","1":"product","2":"type-product","3":"status-publish","4":"has-post-thumbnail","6":"product_cat-brettspiele","7":"product_tag-add-on","8":"product_tag-adellos","9":"product_tag-boardgame","10":"product_tag-brettspiel","11":"product_tag-edition","12":"product_tag-ereigniskarten","13":"product_tag-erweiterung","14":"product_tag-event-card","15":"product_tag-first","16":"product_tag-immoral","17":"product_tag-offer","18":"product_tag-wuerfel","20":"first","21":"instock","22":"taxable","23":"shipping-taxable","24":"purchasable","25":"product-type-simple"},"_links":{"self":[{"href":"https:\/\/adellos.de\/en\/wp-json\/wp\/v2\/product\/694","targetHints":{"allow":["GET"]}}],"collection":[{"href":"https:\/\/adellos.de\/en\/wp-json\/wp\/v2\/product"}],"about":[{"href":"https:\/\/adellos.de\/en\/wp-json\/wp\/v2\/types\/product"}],"wp:featuredmedia":[{"embeddable":true,"href":"https:\/\/adellos.de\/en\/wp-json\/wp\/v2\/media\/16962"}],"wp:attachment":[{"href":"https:\/\/adellos.de\/en\/wp-json\/wp\/v2\/media?parent=694"}],"wp:term":[{"taxonomy":"product_brand","embeddable":true,"href":"https:\/\/adellos.de\/en\/wp-json\/wp\/v2\/product_brand?post=694"},{"taxonomy":"product_cat","embeddable":true,"href":"https:\/\/adellos.de\/en\/wp-json\/wp\/v2\/product_cat?post=694"},{"taxonomy":"product_tag","embeddable":true,"href":"https:\/\/adellos.de\/en\/wp-json\/wp\/v2\/product_tag?post=694"}],"curies":[{"name":"wp","href":"https:\/\/api.w.org\/{rel}","templated":true}]}}