{"id":797,"date":"2019-06-01T10:21:13","date_gmt":"2019-06-01T08:21:13","guid":{"rendered":"https:\/\/gmbh.adellos.de\/?post_type=product&#038;p=797"},"modified":"2025-11-12T16:17:04","modified_gmt":"2025-11-12T15:17:04","slug":"woods-of-tarnaris","status":"publish","type":"product","link":"https:\/\/adellos.de\/en\/produkt\/woods-of-tarnaris\/","title":{"rendered":"Woods of Tarnaris"},"content":{"rendered":"<p>Woods of Tarnaris &#8211; Path to Luslaria ist ein Kinder-Kartenspiel, das Mechanismen aus &#8220;Memory&#8221; und &#8220;Ligretto&#8221; oder &#8220;Skippo&#8221; kombiniert. Jeder Spieler hat 20 Karten mit den Zahlen 1-10 doppelt verdeckt vor sich ausliegen und muss versuchen diese vor den anderen Spielern abzulegen. Dabei kann ein er\u00f6ffneter Stapel von jedem Spieler bespielt werden und Spieler k\u00f6nnen Karten an die sie sich in ihrer Auslage korrekt erinnern durch einen Zwischenruf auch in gegnerischen Z\u00fcgen ausspielen. Einige Karten haben dabei noch Sonderfunktionen und k\u00f6nnen die gegnerischen Spieler aus dem Konzept bringen.<br \/>\nDas Spiel basiert auf Schnelligkeit und Erinnerungsverm\u00f6gen.<\/p>\n<p>Spielanleitung:<\/p>\n<p><a href=\"https:\/\/adellos.de\/wp-content\/uploads\/2025\/06\/WOT_Regeln_Neu_Deutsch.pdf\"><img loading=\"lazy\" decoding=\"async\" class=\"\" src=\"https:\/\/adellos.de\/wp-content\/uploads\/2025\/06\/WOT_Regel_pic.jpg\" alt=\"Regeln Woods of Tarnaris deutsch\" width=\"156\" height=\"221\" \/><\/a><\/p>\n<p><iframe loading=\"lazy\" title=\"Regelvideo: Woods of Tarnaris - Path to Luslaria | WoT\" width=\"1060\" height=\"596\" src=\"https:\/\/www.youtube.com\/embed\/RrfF4wXntGY?feature=oembed\" frameborder=\"0\" allow=\"accelerometer; autoplay; clipboard-write; encrypted-media; gyroscope; picture-in-picture; web-share\" referrerpolicy=\"strict-origin-when-cross-origin\" allowfullscreen><\/iframe><\/p>\n","protected":false},"excerpt":{"rendered":"<p>Design: Deutschland<br \/>\nProduktion: Deutschland<\/p>\n<p>Spieleranzahl: 2 &#8211; 4<br \/>\nSpielalter: ab 4 Jahre<br \/>\nSpieldauer: 10 &#8211; 15 Minuten<\/p>\n","protected":false},"featured_media":16902,"template":"","meta":[],"product_brand":[],"product_cat":[105],"product_tag":[106,107,108,109,110,111,112,113,114,115,116,117],"class_list":{"0":"post-797","1":"product","2":"type-product","3":"status-publish","4":"has-post-thumbnail","6":"product_cat-kartenspiele","7":"product_tag-adellos","8":"product_tag-cardgame","9":"product_tag-kartenspiel","10":"product_tag-luslaria","11":"product_tag-of","12":"product_tag-path","13":"product_tag-tarnaris","14":"product_tag-to","15":"product_tag-wald","16":"product_tag-waelder","17":"product_tag-wood","18":"product_tag-woods","20":"first","21":"instock","22":"taxable","23":"shipping-taxable","24":"purchasable","25":"product-type-simple"},"_links":{"self":[{"href":"https:\/\/adellos.de\/en\/wp-json\/wp\/v2\/product\/797","targetHints":{"allow":["GET"]}}],"collection":[{"href":"https:\/\/adellos.de\/en\/wp-json\/wp\/v2\/product"}],"about":[{"href":"https:\/\/adellos.de\/en\/wp-json\/wp\/v2\/types\/product"}],"wp:featuredmedia":[{"embeddable":true,"href":"https:\/\/adellos.de\/en\/wp-json\/wp\/v2\/media\/16902"}],"wp:attachment":[{"href":"https:\/\/adellos.de\/en\/wp-json\/wp\/v2\/media?parent=797"}],"wp:term":[{"taxonomy":"product_brand","embeddable":true,"href":"https:\/\/adellos.de\/en\/wp-json\/wp\/v2\/product_brand?post=797"},{"taxonomy":"product_cat","embeddable":true,"href":"https:\/\/adellos.de\/en\/wp-json\/wp\/v2\/product_cat?post=797"},{"taxonomy":"product_tag","embeddable":true,"href":"https:\/\/adellos.de\/en\/wp-json\/wp\/v2\/product_tag?post=797"}],"curies":[{"name":"wp","href":"https:\/\/api.w.org\/{rel}","templated":true}]}}